{"id":42,"date":"2017-07-24T21:08:07","date_gmt":"2017-07-24T19:08:07","guid":{"rendered":"http:\/\/ffw-goppeln-haenichen.de\/verein\/?page_id=42"},"modified":"2018-02-21T17:18:14","modified_gmt":"2018-02-21T16:18:14","slug":"sponsoren","status":"publish","type":"page","link":"https:\/\/ffw-goppeln-haenichen.de\/verein\/sponsoren\/","title":{"rendered":"Sponsoren"},"content":{"rendered":"<p><a href=\"http:\/\/www.baeckerei-goehler.de\/\">B\u00e4ckerei G\u00f6hler<\/a><\/p>\n<p><a href=\"http:\/\/www.mon.de\/dd\/bau-wypehlo\">Baugesch\u00e4ft Wypehlo<\/a><\/p>\n<p><a href=\"http:\/\/www.elektriker.org\/goppeln\/andreas-klaus-elektroinstallationen-aULsyi\">Andreas Klaus Elektroinstallationen | Elektriker<\/a><\/p>\n<p><a href=\"https:\/\/www.google.de\/maps\/place\/H%C3%A4nichener+Landhandels+GmbH\/@50.9790497,13.7170917,15z\/data=!4m2!3m1!1s0x0:0xb26d87b99771986d?sa=X&amp;ved=0ahUKEwjwqPvls7fZAhXGthQKHXSwCDwQ_BIIYzAK\">Landhandel H\u00e4nichen<\/a><\/p>\n<p><a href=\"https:\/\/www.karosseriebau-scholz.com\/\">Karosseriebau Scholz<\/a><\/p>\n<p><a href=\"http:\/\/www.pensionscholz.de\/\">Pension Scholz<\/a><\/p>\n<p><a href=\"http:\/\/www.pension-kempe.de\/\">Pension Kempe<\/a><\/p>\n<p><a href=\"http:\/\/www.mobau-mueller.de\/\">Mobau M\u00fcller Baustoffkontor GmbH<\/a><\/p>\n<p><a href=\"http:\/\/www.bannewitz.de\/\">Gemeinde Bannewitz<\/a><\/p>\n<p><a href=\"https:\/\/www.zap-wappler-hoffmeister.de\/\">Zahnarztpraxis Cornelia Wappler-Hoffmeister<\/a><\/p>\n<p>alle nicht genannten<\/p>\n<p>&nbsp;<\/p>\n","protected":false},"excerpt":{"rendered":"<p>B\u00e4ckerei G\u00f6hler Baugesch\u00e4ft Wypehlo Andreas Klaus Elektroinstallationen | Elektriker Landhandel H\u00e4nichen Karosseriebau Scholz Pension Scholz Pension Kempe Mobau M\u00fcller Baustoffkontor<\/p>\n","protected":false},"author":1,"featured_media":0,"parent":0,"menu_order":0,"comment_status":"closed","ping_status":"closed","template":"","meta":{"footnotes":""},"class_list":["post-42","page","type-page","status-publish","hentry"],"_links":{"self":[{"href":"https:\/\/ffw-goppeln-haenichen.de\/verein\/wp-json\/wp\/v2\/pages\/42","targetHints":{"allow":["GET"]}}],"collection":[{"href":"https:\/\/ffw-goppeln-haenichen.de\/verein\/wp-json\/wp\/v2\/pages"}],"about":[{"href":"https:\/\/ffw-goppeln-haenichen.de\/verein\/wp-json\/wp\/v2\/types\/page"}],"author":[{"embeddable":true,"href":"https:\/\/ffw-goppeln-haenichen.de\/verein\/wp-json\/wp\/v2\/users\/1"}],"replies":[{"embeddable":true,"href":"https:\/\/ffw-goppeln-haenichen.de\/verein\/wp-json\/wp\/v2\/comments?post=42"}],"version-history":[{"count":6,"href":"https:\/\/ffw-goppeln-haenichen.de\/verein\/wp-json\/wp\/v2\/pages\/42\/revisions"}],"predecessor-version":[{"id":88,"href":"https:\/\/ffw-goppeln-haenichen.de\/verein\/wp-json\/wp\/v2\/pages\/42\/revisions\/88"}],"wp:attachment":[{"href":"https:\/\/ffw-goppeln-haenichen.de\/verein\/wp-json\/wp\/v2\/media?parent=42"}],"curies":[{"name":"wp","href":"https:\/\/api.w.org\/{rel}","templated":true}]}}