{"id":31,"date":"2017-07-24T21:04:29","date_gmt":"2017-07-24T19:04:29","guid":{"rendered":"http:\/\/ffw-goppeln-haenichen.de\/verein\/?page_id=31"},"modified":"2017-07-24T21:06:41","modified_gmt":"2017-07-24T19:06:41","slug":"vermietung","status":"publish","type":"page","link":"https:\/\/ffw-goppeln-haenichen.de\/verein\/vermietung\/","title":{"rendered":"Vermietung"},"content":{"rendered":"<p>Aufgrund der Viehlzahl an Festen verf\u00fcgt der Feuerwehrverein \u00fcber Equipement, welches auch gern f\u00fcr private oder gesch\u00e4ftliche Anl\u00e4sse gemietet werden kann.<\/p>\n<p>Hierbei handelt es sich vor allem um:<\/p>\n<ul>\n<li><a href=\"http:\/\/ffw-goppeln-haenichen.de\/verein\/vermietung\/vermietung-festzelte\/\">Festzelte<\/a><\/li>\n<li><a href=\"http:\/\/ffw-goppeln-haenichen.de\/verein\/vermietung\/vermietung-huepfburg\/\">H\u00fcpfburg<\/a><\/li>\n<\/ul>\n<p>F\u00fcr Details siehe entsprechende Kategorie.<\/p>\n","protected":false},"excerpt":{"rendered":"<p>Aufgrund der Viehlzahl an Festen verf\u00fcgt der Feuerwehrverein \u00fcber Equipement, welches auch gern f\u00fcr private oder gesch\u00e4ftliche Anl\u00e4sse gemietet werden<\/p>\n","protected":false},"author":1,"featured_media":0,"parent":0,"menu_order":0,"comment_status":"closed","ping_status":"closed","template":"","meta":{"footnotes":""},"class_list":["post-31","page","type-page","status-publish","hentry"],"_links":{"self":[{"href":"https:\/\/ffw-goppeln-haenichen.de\/verein\/wp-json\/wp\/v2\/pages\/31","targetHints":{"allow":["GET"]}}],"collection":[{"href":"https:\/\/ffw-goppeln-haenichen.de\/verein\/wp-json\/wp\/v2\/pages"}],"about":[{"href":"https:\/\/ffw-goppeln-haenichen.de\/verein\/wp-json\/wp\/v2\/types\/page"}],"author":[{"embeddable":true,"href":"https:\/\/ffw-goppeln-haenichen.de\/verein\/wp-json\/wp\/v2\/users\/1"}],"replies":[{"embeddable":true,"href":"https:\/\/ffw-goppeln-haenichen.de\/verein\/wp-json\/wp\/v2\/comments?post=31"}],"version-history":[{"count":2,"href":"https:\/\/ffw-goppeln-haenichen.de\/verein\/wp-json\/wp\/v2\/pages\/31\/revisions"}],"predecessor-version":[{"id":37,"href":"https:\/\/ffw-goppeln-haenichen.de\/verein\/wp-json\/wp\/v2\/pages\/31\/revisions\/37"}],"wp:attachment":[{"href":"https:\/\/ffw-goppeln-haenichen.de\/verein\/wp-json\/wp\/v2\/media?parent=31"}],"curies":[{"name":"wp","href":"https:\/\/api.w.org\/{rel}","templated":true}]}}